{"id":779,"date":"2021-10-11T13:55:09","date_gmt":"2021-10-11T13:55:09","guid":{"rendered":"http:\/\/metrike.com.br\/?page_id=779"},"modified":"2021-10-11T14:46:13","modified_gmt":"2021-10-11T14:46:13","slug":"blog-metrike","status":"publish","type":"page","link":"https:\/\/metrike.com.br\/index.php\/blog-metrike\/","title":{"rendered":"Blog Metrike"},"content":{"rendered":"\t\t<div data-elementor-type=\"wp-post\" data-elementor-id=\"779\" class=\"elementor elementor-779\" data-elementor-settings=\"[]\">\n\t\t\t\t\t\t\t<div class=\"elementor-section-wrap\">\n\t\t\t\t\t\t\t<section class=\"elementor-section elementor-top-section elementor-element elementor-element-d22e011 elementor-section-full_width elementor-section-height-default elementor-section-height-default\" data-id=\"d22e011\" data-element_type=\"section\">\n\t\t\t\t\t\t<div class=\"elementor-container elementor-column-gap-no\">\n\t\t\t\t\t<div class=\"elementor-column elementor-col-100 elementor-top-column elementor-element elementor-element-b587281\" data-id=\"b587281\" data-element_type=\"column\">\n\t\t\t<div class=\"elementor-widget-wrap elementor-element-populated\">\n\t\t\t\t\t\t\t\t<div class=\"elementor-element elementor-element-f6b56b0 elementor-widget elementor-widget-image\" data-id=\"f6b56b0\" data-element_type=\"widget\" data-widget_type=\"image.default\">\n\t\t\t\t<div class=\"elementor-widget-container\">\n\t\t\t\t\t\t\t\t\t\t\t\t\t\t\t<img decoding=\"async\" src=\"https:\/\/metrike.com.br\/wp-content\/uploads\/elementor\/thumbs\/Topo-Blog-peetmuz0usg75p2d68osuj3sl53xuhauo0s0d5ai6g.jpg\" title=\"Topo-Blog\" alt=\"Topo-Blog\" \/>\t\t\t\t\t\t\t\t\t\t\t\t\t\t\t<\/div>\n\t\t\t\t<\/div>\n\t\t\t\t\t<\/div>\n\t\t<\/div>\n\t\t\t\t\t\t\t<\/div>\n\t\t<\/section>\n\t\t\t\t<main class=\"elementor-section elementor-top-section elementor-element elementor-element-e3a8b4b elementor-section-boxed elementor-section-height-default elementor-section-height-default elementor-invisible\" data-id=\"e3a8b4b\" data-element_type=\"section\" data-settings=\"{&quot;animation&quot;:&quot;fadeInUp&quot;}\">\n\t\t\t\t\t\t<div class=\"elementor-container elementor-column-gap-default\">\n\t\t\t\t\t<div class=\"elementor-column elementor-col-100 elementor-top-column elementor-element elementor-element-6ee5ea0\" data-id=\"6ee5ea0\" data-element_type=\"column\">\n\t\t\t<div class=\"elementor-widget-wrap elementor-element-populated\">\n\t\t\t\t\t\t\t\t<div class=\"elementor-element elementor-element-493a281 elementor-widget__width-auto elementor-widget elementor-widget-droit-title\" data-id=\"493a281\" data-element_type=\"widget\" data-widget_type=\"droit-title.default\">\n\t\t\t\t<div class=\"elementor-widget-container\">\n\t\t\t\t    <div class=\"dl_title_section\">\r\n\t        \t            <h1 class=\"dl_title_text\" > nosso blog <\/h1>\r\n\t        \r\n\t        \t        <h4 class=\"dl_sub_title_text\" > \u00daltimas not\u00edcias envolvendo todo o mundo de tecnologia e gera\u00e7\u00e3o de relat\u00f3rios de campanhas digitais voc\u00ea encontra aqui. <br>O Blog Metrike pode ser sua fonte de informa\u00e7\u00f5es sobre o que envolve o universo de tecnologia.\n<\/h4>\r\n\t        \r\n\t        \t            <div class=\"dl_content_text\" ><\/div>\r\n\t        \t    <\/div>    \r\n\t    \t\t<\/div>\n\t\t\t\t<\/div>\n\t\t\t\t<div class=\"elementor-element elementor-element-d0c186b elementor-widget__width-initial elementor-widget elementor-widget-droit-bloglist\" data-id=\"d0c186b\" data-element_type=\"widget\" data-widget_type=\"droit-bloglist.default\">\n\t\t\t\t<div class=\"elementor-widget-container\">\n\t\t\t        <div class=\"droit-post__wrap dl_row _skin_3 post-779\">\r\n                <div class=\"dl_col_lg_4 dl_col_12 dl_col_sm_6 droit-blog_list_loop_wrap\">\r\n            <div class=\"dl_blog_list_post dl_style_05 droit-blog_list_loop_post\">\r\n                        <a class=\"dl_blog_thumb droit-post_list__thumbnail__link droit-post_list__thumbnail\" href=\"https:\/\/metrike.com.br\/index.php\/2021\/10\/19\/5-beneficios-do-adserver-para-agencia\/\" >\r\n            <img loading=\"lazy\" decoding=\"async\" width=\"1500\" height=\"844\" src=\"https:\/\/metrike.com.br\/wp-content\/uploads\/2021\/10\/Post3.jpeg\" class=\"attachment-full size-full\" alt=\"\" srcset=\"https:\/\/metrike.com.br\/wp-content\/uploads\/2021\/10\/Post3.jpeg 1500w, https:\/\/metrike.com.br\/wp-content\/uploads\/2021\/10\/Post3-300x169.jpeg 300w, https:\/\/metrike.com.br\/wp-content\/uploads\/2021\/10\/Post3-1024x576.jpeg 1024w, https:\/\/metrike.com.br\/wp-content\/uploads\/2021\/10\/Post3-768x432.jpeg 768w\" sizes=\"auto, (max-width: 1500px) 100vw, 1500px\" \/>        <\/a>\r\n                        <div class=\"dl_blog_list_content_inner\">\r\n                            <a href=\"#\" class=\"dl_date droit-post_list_date\">\r\n            outubro 19, 2021        <\/a>\r\n                                \r\n    <h3 class=\"dl_title droit-blog-list-title\"> \r\n        <a href=\"https:\/\/metrike.com.br\/index.php\/2021\/10\/19\/5-beneficios-do-adserver-para-agencia\/\" >5 Benef\u00edcios do Adserver para ag\u00eancia<\/a> \r\n    <\/h3>\r\n                    <\/div>\r\n            <\/div>\r\n        <\/div>\r\n                 <div class=\"dl_col_lg_4 dl_col_12 dl_col_sm_6 droit-blog_list_loop_wrap\">\r\n            <div class=\"dl_blog_list_post dl_style_05 droit-blog_list_loop_post\">\r\n                        <a class=\"dl_blog_thumb droit-post_list__thumbnail__link droit-post_list__thumbnail\" href=\"https:\/\/metrike.com.br\/index.php\/2021\/10\/19\/instrumento-de-controle-e-comprovacao\/\" >\r\n            <img loading=\"lazy\" decoding=\"async\" width=\"1974\" height=\"1519\" src=\"https:\/\/metrike.com.br\/wp-content\/uploads\/2021\/10\/Post2.jpeg\" class=\"attachment-full size-full\" alt=\"\" srcset=\"https:\/\/metrike.com.br\/wp-content\/uploads\/2021\/10\/Post2.jpeg 1974w, https:\/\/metrike.com.br\/wp-content\/uploads\/2021\/10\/Post2-300x231.jpeg 300w, https:\/\/metrike.com.br\/wp-content\/uploads\/2021\/10\/Post2-1024x788.jpeg 1024w, https:\/\/metrike.com.br\/wp-content\/uploads\/2021\/10\/Post2-768x591.jpeg 768w, https:\/\/metrike.com.br\/wp-content\/uploads\/2021\/10\/Post2-1536x1182.jpeg 1536w\" sizes=\"auto, (max-width: 1974px) 100vw, 1974px\" \/>        <\/a>\r\n                        <div class=\"dl_blog_list_content_inner\">\r\n                            <a href=\"#\" class=\"dl_date droit-post_list_date\">\r\n            outubro 19, 2021        <\/a>\r\n                                \r\n    <h3 class=\"dl_title droit-blog-list-title dl_title droit-blog-list-title\"> \r\n        <a href=\"https:\/\/metrike.com.br\/index.php\/2021\/10\/19\/instrumento-de-controle-e-comprovacao\/\" >Instrumento de controle e comprova\u00e7\u00e3o<\/a> \r\n    <\/h3>\r\n                    <\/div>\r\n            <\/div>\r\n        <\/div>\r\n                 <div class=\"dl_col_lg_4 dl_col_12 dl_col_sm_6 droit-blog_list_loop_wrap\">\r\n            <div class=\"dl_blog_list_post dl_style_05 droit-blog_list_loop_post\">\r\n                        <a class=\"dl_blog_thumb droit-post_list__thumbnail__link droit-post_list__thumbnail\" href=\"https:\/\/metrike.com.br\/index.php\/2021\/10\/19\/por-que-usar-adserver\/\" >\r\n            <img loading=\"lazy\" decoding=\"async\" width=\"1920\" height=\"1114\" src=\"https:\/\/metrike.com.br\/wp-content\/uploads\/2021\/10\/Post1-1.jpeg\" class=\"attachment-full size-full\" alt=\"\" srcset=\"https:\/\/metrike.com.br\/wp-content\/uploads\/2021\/10\/Post1-1.jpeg 1920w, https:\/\/metrike.com.br\/wp-content\/uploads\/2021\/10\/Post1-1-300x174.jpeg 300w, https:\/\/metrike.com.br\/wp-content\/uploads\/2021\/10\/Post1-1-1024x594.jpeg 1024w, https:\/\/metrike.com.br\/wp-content\/uploads\/2021\/10\/Post1-1-768x446.jpeg 768w, https:\/\/metrike.com.br\/wp-content\/uploads\/2021\/10\/Post1-1-1536x891.jpeg 1536w\" sizes=\"auto, (max-width: 1920px) 100vw, 1920px\" \/>        <\/a>\r\n                        <div class=\"dl_blog_list_content_inner\">\r\n                            <a href=\"#\" class=\"dl_date droit-post_list_date\">\r\n            outubro 19, 2021        <\/a>\r\n                                \r\n    <h3 class=\"dl_title droit-blog-list-title dl_title droit-blog-list-title dl_title droit-blog-list-title\"> \r\n        <a href=\"https:\/\/metrike.com.br\/index.php\/2021\/10\/19\/por-que-usar-adserver\/\" >Por que usar Adserver?<\/a> \r\n    <\/h3>\r\n                    <\/div>\r\n            <\/div>\r\n        <\/div>\r\n                 <\/div>\r\n            \t\t<\/div>\n\t\t\t\t<\/div>\n\t\t\t\t<div class=\"elementor-element elementor-element-02c64f9 elementor-widget elementor-widget-spacer\" data-id=\"02c64f9\" data-element_type=\"widget\" data-widget_type=\"spacer.default\">\n\t\t\t\t<div class=\"elementor-widget-container\">\n\t\t\t\t\t<div class=\"elementor-spacer\">\n\t\t\t<div class=\"elementor-spacer-inner\"><\/div>\n\t\t<\/div>\n\t\t\t\t<\/div>\n\t\t\t\t<\/div>\n\t\t\t\t\t<\/div>\n\t\t<\/div>\n\t\t\t\t\t\t\t<\/div>\n\t\t<\/main>\n\t\t\t\t\t\t<\/div>\n\t\t\t\t\t<\/div>\n\t\t","protected":false},"excerpt":{"rendered":"<p>nosso blog \u00daltimas not\u00edcias envolvendo todo o mundo de tecnologia e gera\u00e7\u00e3o de relat\u00f3rios de campanhas digitais voc\u00ea encontra aqui. O Blog Metrike pode ser sua fonte de informa\u00e7\u00f5es sobre o que envolve o universo de tecnologia. maio 10, 2018 This is what you should be looking for on this community maio 10, 2018 The&#8230;<\/p>\n","protected":false},"author":1,"featured_media":0,"parent":0,"menu_order":0,"comment_status":"closed","ping_status":"closed","template":"elementor_header_footer","meta":{"footnotes":""},"class_list":["post-779","page","type-page","status-publish","hentry"],"yoast_head":"<!-- This site is optimized with the Yoast SEO plugin v25.9 - https:\/\/yoast.com\/wordpress\/plugins\/seo\/ -->\n<title>Blog Metrike - Metrike<\/title>\n<meta name=\"robots\" content=\"index, follow, max-snippet:-1, max-image-preview:large, max-video-preview:-1\" \/>\n<link rel=\"canonical\" href=\"https:\/\/metrike.com.br\/index.php\/blog-metrike\/\" \/>\n<meta property=\"og:locale\" content=\"pt_BR\" \/>\n<meta property=\"og:type\" content=\"article\" \/>\n<meta property=\"og:title\" content=\"Blog Metrike - Metrike\" \/>\n<meta property=\"og:description\" content=\"nosso blog \u00daltimas not\u00edcias envolvendo todo o mundo de tecnologia e gera\u00e7\u00e3o de relat\u00f3rios de campanhas digitais voc\u00ea encontra aqui. O Blog Metrike pode ser sua fonte de informa\u00e7\u00f5es sobre o que envolve o universo de tecnologia. maio 10, 2018 This is what you should be looking for on this community maio 10, 2018 The...\" \/>\n<meta property=\"og:url\" content=\"https:\/\/metrike.com.br\/index.php\/blog-metrike\/\" \/>\n<meta property=\"og:site_name\" content=\"Metrike\" \/>\n<meta property=\"article:modified_time\" content=\"2021-10-11T14:46:13+00:00\" \/>\n<meta property=\"og:image\" content=\"http:\/\/metrike.com.br\/wp-content\/uploads\/elementor\/thumbs\/Topo-Blog-peetmuz0usg75p2d68osuj3sl53xuhauo0s0d5ai6g.jpg\" \/>\n<meta name=\"twitter:card\" content=\"summary_large_image\" \/>\n<meta name=\"twitter:label1\" content=\"Est. tempo de leitura\" \/>\n\t<meta name=\"twitter:data1\" content=\"3 minutos\" \/>\n<script type=\"application\/ld+json\" class=\"yoast-schema-graph\">{\"@context\":\"https:\/\/schema.org\",\"@graph\":[{\"@type\":\"WebPage\",\"@id\":\"https:\/\/metrike.com.br\/index.php\/blog-metrike\/\",\"url\":\"https:\/\/metrike.com.br\/index.php\/blog-metrike\/\",\"name\":\"Blog Metrike - Metrike\",\"isPartOf\":{\"@id\":\"https:\/\/metrike.com.br\/#website\"},\"primaryImageOfPage\":{\"@id\":\"https:\/\/metrike.com.br\/index.php\/blog-metrike\/#primaryimage\"},\"image\":{\"@id\":\"https:\/\/metrike.com.br\/index.php\/blog-metrike\/#primaryimage\"},\"thumbnailUrl\":\"http:\/\/metrike.com.br\/wp-content\/uploads\/elementor\/thumbs\/Topo-Blog-peetmuz0usg75p2d68osuj3sl53xuhauo0s0d5ai6g.jpg\",\"datePublished\":\"2021-10-11T13:55:09+00:00\",\"dateModified\":\"2021-10-11T14:46:13+00:00\",\"breadcrumb\":{\"@id\":\"https:\/\/metrike.com.br\/index.php\/blog-metrike\/#breadcrumb\"},\"inLanguage\":\"pt-BR\",\"potentialAction\":[{\"@type\":\"ReadAction\",\"target\":[\"https:\/\/metrike.com.br\/index.php\/blog-metrike\/\"]}]},{\"@type\":\"ImageObject\",\"inLanguage\":\"pt-BR\",\"@id\":\"https:\/\/metrike.com.br\/index.php\/blog-metrike\/#primaryimage\",\"url\":\"http:\/\/metrike.com.br\/wp-content\/uploads\/elementor\/thumbs\/Topo-Blog-peetmuz0usg75p2d68osuj3sl53xuhauo0s0d5ai6g.jpg\",\"contentUrl\":\"http:\/\/metrike.com.br\/wp-content\/uploads\/elementor\/thumbs\/Topo-Blog-peetmuz0usg75p2d68osuj3sl53xuhauo0s0d5ai6g.jpg\"},{\"@type\":\"BreadcrumbList\",\"@id\":\"https:\/\/metrike.com.br\/index.php\/blog-metrike\/#breadcrumb\",\"itemListElement\":[{\"@type\":\"ListItem\",\"position\":1,\"name\":\"In\u00edcio\",\"item\":\"https:\/\/metrike.com.br\/\"},{\"@type\":\"ListItem\",\"position\":2,\"name\":\"Blog Metrike\"}]},{\"@type\":\"WebSite\",\"@id\":\"https:\/\/metrike.com.br\/#website\",\"url\":\"https:\/\/metrike.com.br\/\",\"name\":\"Metrike\",\"description\":\"Sistema de gerenciamento de campanhas digitais\",\"publisher\":{\"@id\":\"https:\/\/metrike.com.br\/#organization\"},\"potentialAction\":[{\"@type\":\"SearchAction\",\"target\":{\"@type\":\"EntryPoint\",\"urlTemplate\":\"https:\/\/metrike.com.br\/?s={search_term_string}\"},\"query-input\":{\"@type\":\"PropertyValueSpecification\",\"valueRequired\":true,\"valueName\":\"search_term_string\"}}],\"inLanguage\":\"pt-BR\"},{\"@type\":\"Organization\",\"@id\":\"https:\/\/metrike.com.br\/#organization\",\"name\":\"Metrike\",\"url\":\"https:\/\/metrike.com.br\/\",\"logo\":{\"@type\":\"ImageObject\",\"inLanguage\":\"pt-BR\",\"@id\":\"https:\/\/metrike.com.br\/#\/schema\/logo\/image\/\",\"url\":\"https:\/\/metrike.com.br\/wp-content\/uploads\/2021\/10\/Logo-Metrike.png\",\"contentUrl\":\"https:\/\/metrike.com.br\/wp-content\/uploads\/2021\/10\/Logo-Metrike.png\",\"width\":240,\"height\":112,\"caption\":\"Metrike\"},\"image\":{\"@id\":\"https:\/\/metrike.com.br\/#\/schema\/logo\/image\/\"}}]}<\/script>\n<!-- \/ Yoast SEO plugin. -->","yoast_head_json":{"title":"Blog Metrike - Metrike","robots":{"index":"index","follow":"follow","max-snippet":"max-snippet:-1","max-image-preview":"max-image-preview:large","max-video-preview":"max-video-preview:-1"},"canonical":"https:\/\/metrike.com.br\/index.php\/blog-metrike\/","og_locale":"pt_BR","og_type":"article","og_title":"Blog Metrike - Metrike","og_description":"nosso blog \u00daltimas not\u00edcias envolvendo todo o mundo de tecnologia e gera\u00e7\u00e3o de relat\u00f3rios de campanhas digitais voc\u00ea encontra aqui. O Blog Metrike pode ser sua fonte de informa\u00e7\u00f5es sobre o que envolve o universo de tecnologia. maio 10, 2018 This is what you should be looking for on this community maio 10, 2018 The...","og_url":"https:\/\/metrike.com.br\/index.php\/blog-metrike\/","og_site_name":"Metrike","article_modified_time":"2021-10-11T14:46:13+00:00","og_image":[{"url":"http:\/\/metrike.com.br\/wp-content\/uploads\/elementor\/thumbs\/Topo-Blog-peetmuz0usg75p2d68osuj3sl53xuhauo0s0d5ai6g.jpg","type":"","width":"","height":""}],"twitter_card":"summary_large_image","twitter_misc":{"Est. tempo de leitura":"3 minutos"},"schema":{"@context":"https:\/\/schema.org","@graph":[{"@type":"WebPage","@id":"https:\/\/metrike.com.br\/index.php\/blog-metrike\/","url":"https:\/\/metrike.com.br\/index.php\/blog-metrike\/","name":"Blog Metrike - Metrike","isPartOf":{"@id":"https:\/\/metrike.com.br\/#website"},"primaryImageOfPage":{"@id":"https:\/\/metrike.com.br\/index.php\/blog-metrike\/#primaryimage"},"image":{"@id":"https:\/\/metrike.com.br\/index.php\/blog-metrike\/#primaryimage"},"thumbnailUrl":"http:\/\/metrike.com.br\/wp-content\/uploads\/elementor\/thumbs\/Topo-Blog-peetmuz0usg75p2d68osuj3sl53xuhauo0s0d5ai6g.jpg","datePublished":"2021-10-11T13:55:09+00:00","dateModified":"2021-10-11T14:46:13+00:00","breadcrumb":{"@id":"https:\/\/metrike.com.br\/index.php\/blog-metrike\/#breadcrumb"},"inLanguage":"pt-BR","potentialAction":[{"@type":"ReadAction","target":["https:\/\/metrike.com.br\/index.php\/blog-metrike\/"]}]},{"@type":"ImageObject","inLanguage":"pt-BR","@id":"https:\/\/metrike.com.br\/index.php\/blog-metrike\/#primaryimage","url":"http:\/\/metrike.com.br\/wp-content\/uploads\/elementor\/thumbs\/Topo-Blog-peetmuz0usg75p2d68osuj3sl53xuhauo0s0d5ai6g.jpg","contentUrl":"http:\/\/metrike.com.br\/wp-content\/uploads\/elementor\/thumbs\/Topo-Blog-peetmuz0usg75p2d68osuj3sl53xuhauo0s0d5ai6g.jpg"},{"@type":"BreadcrumbList","@id":"https:\/\/metrike.com.br\/index.php\/blog-metrike\/#breadcrumb","itemListElement":[{"@type":"ListItem","position":1,"name":"In\u00edcio","item":"https:\/\/metrike.com.br\/"},{"@type":"ListItem","position":2,"name":"Blog Metrike"}]},{"@type":"WebSite","@id":"https:\/\/metrike.com.br\/#website","url":"https:\/\/metrike.com.br\/","name":"Metrike","description":"Sistema de gerenciamento de campanhas digitais","publisher":{"@id":"https:\/\/metrike.com.br\/#organization"},"potentialAction":[{"@type":"SearchAction","target":{"@type":"EntryPoint","urlTemplate":"https:\/\/metrike.com.br\/?s={search_term_string}"},"query-input":{"@type":"PropertyValueSpecification","valueRequired":true,"valueName":"search_term_string"}}],"inLanguage":"pt-BR"},{"@type":"Organization","@id":"https:\/\/metrike.com.br\/#organization","name":"Metrike","url":"https:\/\/metrike.com.br\/","logo":{"@type":"ImageObject","inLanguage":"pt-BR","@id":"https:\/\/metrike.com.br\/#\/schema\/logo\/image\/","url":"https:\/\/metrike.com.br\/wp-content\/uploads\/2021\/10\/Logo-Metrike.png","contentUrl":"https:\/\/metrike.com.br\/wp-content\/uploads\/2021\/10\/Logo-Metrike.png","width":240,"height":112,"caption":"Metrike"},"image":{"@id":"https:\/\/metrike.com.br\/#\/schema\/logo\/image\/"}}]}},"_links":{"self":[{"href":"https:\/\/metrike.com.br\/index.php\/wp-json\/wp\/v2\/pages\/779","targetHints":{"allow":["GET"]}}],"collection":[{"href":"https:\/\/metrike.com.br\/index.php\/wp-json\/wp\/v2\/pages"}],"about":[{"href":"https:\/\/metrike.com.br\/index.php\/wp-json\/wp\/v2\/types\/page"}],"author":[{"embeddable":true,"href":"https:\/\/metrike.com.br\/index.php\/wp-json\/wp\/v2\/users\/1"}],"replies":[{"embeddable":true,"href":"https:\/\/metrike.com.br\/index.php\/wp-json\/wp\/v2\/comments?post=779"}],"version-history":[{"count":12,"href":"https:\/\/metrike.com.br\/index.php\/wp-json\/wp\/v2\/pages\/779\/revisions"}],"predecessor-version":[{"id":805,"href":"https:\/\/metrike.com.br\/index.php\/wp-json\/wp\/v2\/pages\/779\/revisions\/805"}],"wp:attachment":[{"href":"https:\/\/metrike.com.br\/index.php\/wp-json\/wp\/v2\/media?parent=779"}],"curies":[{"name":"wp","href":"https:\/\/api.w.org\/{rel}","templated":true}]}}